{"id":2021,"date":"2016-09-16T06:51:07","date_gmt":"2016-09-16T03:51:07","guid":{"rendered":"http:\/\/gunlukkiralikvilla.com\/contact\/"},"modified":"2025-12-26T23:49:30","modified_gmt":"2025-12-26T20:49:30","slug":"contact","status":"publish","type":"page","link":"https:\/\/gunlukkiralikvilla.com\/en\/contact\/","title":{"rendered":"Contact"},"content":{"rendered":"<div class=\"wpb-content-wrapper\"><p>[vc_row el_class=&#8221;mt-4&#8243; conditional_render=&#8221;%5B%7B%22value_role%22%3A%22administrator%22%7D%5D&#8221; css_params=&#8221;&#8221;][vc_column width=&#8221;1\/2&#8243;]<div class=\"porto-sicon-box  vc_custom_1766782140991 custom-phone  wpb_custom_fa6b0bcbdcadad30cc78e0de2d857751 style_1 default-icon\"><div class=\"porto-sicon-default\"><div class=\"porto-just-icon-wrapper porto-icon none\" style=\"color:var(--porto-primary-color);font-size:24px;margin-right:8px;\"><i class=\"Simple-Line-Icons-location-pin\"><\/i><\/div><\/div><div class=\"porto-sicon-header\"><p style=\"color:#212529;\">Elbasan Kad\u0131k\u00f6y Yolu  \u00c7atalca-\u0130stanbul<\/p><\/div> <!-- header --><\/div><!-- porto-sicon-box -->[\/vc_column][vc_column width=&#8221;1\/4&#8243;]<div class=\"porto-sicon-box  vc_custom_1766782156266 custom-phone  wpb_custom_fa6b0bcbdcadad30cc78e0de2d857751 style_1 default-icon\"><div class=\"porto-sicon-default\"><div class=\"porto-just-icon-wrapper porto-icon none\" style=\"color:var(--porto-primary-color);font-size:24px;margin-right:8px;\"><i class=\"Simple-Line-Icons-envelope\"><\/i><\/div><\/div><\/div><!-- porto-sicon-box -->[\/vc_column][vc_column width=&#8221;1\/4&#8243;]<div class=\"porto-sicon-box  vc_custom_1766782168656 custom-phone  wpb_custom_fa6b0bcbdcadad30cc78e0de2d857751 style_1 default-icon\"><div class=\"porto-sicon-default\"><div class=\"porto-just-icon-wrapper porto-icon none\" style=\"color:var(--porto-primary-color);font-size:24px;margin-right:8px;\"><i class=\"Simple-Line-Icons-screen-smartphone\"><\/i><\/div><\/div><\/div><!-- porto-sicon-box -->[\/vc_column][\/vc_row][vc_row disable_element=&#8221;yes&#8221; el_class=&#8221;mt-4&#8243; conditional_render=&#8221;%5B%7B%22value_role%22%3A%22administrator%22%7D%5D&#8221; css_params=&#8221;&#8221;][vc_column width=&#8221;1\/2&#8243;]<div class=\"porto-sicon-box  vc_custom_1746992039863 custom-phone  wpb_custom_fa6b0bcbdcadad30cc78e0de2d857751 style_1 default-icon\"><div class=\"porto-sicon-default\"><div class=\"porto-just-icon-wrapper porto-icon none\" style=\"color:var(--porto-primary-color);font-size:24px;margin-right:8px;\"><i class=\"Simple-Line-Icons-location-pin\"><\/i><\/div><\/div><div class=\"porto-sicon-header\"><p style=\"color:#212529;\">Elbasan Kad\u0131k\u00f6y Yolu No:7 \u00c7atalca-\u0130stanbul<\/p><\/div> <!-- header --><\/div><!-- porto-sicon-box -->[\/vc_column][vc_column width=&#8221;1\/4&#8243;]<a class=\"porto-sicon-box-link\" href=\"mailto:info@zabata.com.tr\"><div class=\"porto-sicon-box  vc_custom_1746992050383 custom-phone  wpb_custom_fa6b0bcbdcadad30cc78e0de2d857751 style_1 default-icon\"><div class=\"porto-sicon-default\"><div class=\"porto-just-icon-wrapper porto-icon none\" style=\"color:var(--porto-primary-color);font-size:24px;margin-right:8px;\"><i class=\"Simple-Line-Icons-envelope\"><\/i><\/div><\/div><div class=\"porto-sicon-header\"><p style=\"color:#212529;\">info@zabata.com.tr<\/p><\/div> <!-- header --><\/div><!-- porto-sicon-box --><\/a>[\/vc_column][vc_column width=&#8221;1\/4&#8243;]<a class=\"porto-sicon-box-link\" href=\"tel:+905320578591\"><div class=\"porto-sicon-box  vc_custom_1746992060455 custom-phone  wpb_custom_fa6b0bcbdcadad30cc78e0de2d857751 style_1 default-icon\"><div class=\"porto-sicon-default\"><div class=\"porto-just-icon-wrapper porto-icon none\" style=\"color:var(--porto-primary-color);font-size:24px;margin-right:8px;\"><i class=\"Simple-Line-Icons-screen-smartphone\"><\/i><\/div><\/div><div class=\"porto-sicon-header\"><p style=\"color:#212529;\">+90 532 057 85 91<\/p><\/div> <!-- header --><\/div><!-- porto-sicon-box --><\/a>[\/vc_column][\/vc_row][vc_row wrap_container=&#8221;yes&#8221; conditional_render=&#8221;%5B%7B%22value_role%22%3A%22administrator%22%7D%5D&#8221; css_params=&#8221;&#8221;][vc_column][vc_custom_heading text=&#8221;Contact us now to benefit from the opportunity of a pleasant accommodation surrounded by nature, right next to Istanbul.&#8221; font_container=&#8221;tag:p|font_size:15.4px|text_align:justify|line_height:26px&#8221; use_theme_fonts=&#8221;yes&#8221; css_params=&#8221;&#8221;][\/vc_column][\/vc_row][vc_row no_padding=&#8221;yes&#8221; disable_element=&#8221;yes&#8221; el_class=&#8221;mb-3&#8243; conditional_render=&#8221;%5B%7B%22value_role%22%3A%22administrator%22%7D%5D&#8221; css_params=&#8221;&#8221;][vc_column][vc_gmaps link=&#8221;#E-8_JTNDaWZyYW1lJTIwc3JjJTNEJTIyaHR0cHMlM0ElMkYlMkZ3d3cuZ29vZ2xlLmNvbSUyRm1hcHMlMkZlbWJlZCUzRnBiJTNEJTIxMW0xNiUyMTFtMTIlMjExbTMlMjExZDE3OTguMDExODgxNDM5MTY0OSUyMTJkMjguNDAwOTIxNzY4OTA0ODQlMjEzZDQxLjEzMDkzMzAxMTk1OTk1JTIxMm0zJTIxMWYwJTIxMmYwJTIxM2YwJTIxM20yJTIxMWkxMDI0JTIxMmk3NjglMjE0ZjEzLjElMjEybTElMjExenc0ZGhkR0ZzWTJFZ1MybHlZV3pFc1dzZ1ZtbHNiR0VzSUVWc1ltRnpZVzRzSU1PSFlYUmhiR05oTDhTd2MzUmhibUoxYkN3Z1ZNTzhjbXRwZVdVJTIxNWUxJTIxM20yJTIxMXN0ciUyMTJzdXMlMjE0djE3NDY5OTI4MTQ4MzElMjE1bTIlMjExc3RyJTIxMnN1cyUyMiUyMHdpZHRoJTNEJTIyNjAwJTIyJTIwaGVpZ2h0JTNEJTIyNDUwJTIyJTIwc3R5bGUlM0QlMjJib3JkZXIlM0EwJTNCJTIyJTIwYWxsb3dmdWxsc2NyZWVuJTNEJTIyJTIyJTIwbG9hZGluZyUzRCUyMmxhenklMjIlMjByZWZlcnJlcnBvbGljeSUzRCUyMm5vLXJlZmVycmVyLXdoZW4tZG93bmdyYWRlJTIyJTNFJTNDJTJGaWZyYW1lJTNF&#8221; css=&#8221;&#8221; css_params=&#8221;&#8221;][\/vc_column][\/vc_row]<\/p>\n<\/div>","protected":false},"excerpt":{"rendered":"<p>[vc_row el_class=&#8221;mt-4&#8243; conditional_render=&#8221;%5B%7B%22value_role%22%3A%22administrator%22%7D%5D&#8221; css_params=&#8221;&#8221;][vc_column width=&#8221;1\/2&#8243;][\/vc_column][vc_column width=&#8221;1\/4&#8243;][\/vc_column][vc_column width=&#8221;1\/4&#8243;][\/vc_column][\/vc_row][vc_row disable_element=&#8221;yes&#8221; el_class=&#8221;mt-4&#8243; conditional_render=&#8221;%5B%7B%22value_role%22%3A%22administrator%22%7D%5D&#8221; css_params=&#8221;&#8221;][vc_column width=&#8221;1\/2&#8243;][\/vc_column][vc_column width=&#8221;1\/4&#8243;][\/vc_column][vc_column width=&#8221;1\/4&#8243;][\/vc_column][\/vc_row][vc_row wrap_container=&#8221;yes&#8221; conditional_render=&#8221;%5B%7B%22value_role%22%3A%22administrator%22%7D%5D&#8221; css_params=&#8221;&#8221;][vc_column][vc_custom_heading text=&#8221;Contact us now to benefit from the opportunity of a pleasant accommodation surrounded by nature, right next to Istanbul.&#8221; font_container=&#8221;tag:p|font_size:15.4px|text_align:justify|line_height:26px&#8221; use_theme_fonts=&#8221;yes&#8221; css_params=&#8221;&#8221;][\/vc_column][\/vc_row][vc_row no_padding=&#8221;yes&#8221; disable_element=&#8221;yes&#8221; el_class=&#8221;mb-3&#8243; conditional_render=&#8221;%5B%7B%22value_role%22%3A%22administrator%22%7D%5D&#8221; css_params=&#8221;&#8221;][vc_column][vc_gmaps link=&#8221;#E-8_JTNDaWZyYW1lJTIwc3JjJTNEJTIyaHR0cHMlM0ElMkYlMkZ3d3cuZ29vZ2xlLmNvbSUyRm1hcHMlMkZlbWJlZCUzRnBiJTNEJTIxMW0xNiUyMTFtMTIlMjExbTMlMjExZDE3OTguMDExODgxNDM5MTY0OSUyMTJkMjguNDAwOTIxNzY4OTA0ODQlMjEzZDQxLjEzMDkzMzAxMTk1OTk1JTIxMm0zJTIxMWYwJTIxMmYwJTIxM2YwJTIxM20yJTIxMWkxMDI0JTIxMmk3NjglMjE0ZjEzLjElMjEybTElMjExenc0ZGhkR0ZzWTJFZ1MybHlZV3pFc1dzZ1ZtbHNiR0VzSUVWc1ltRnpZVzRzSU1PSFlYUmhiR05oTDhTd2MzUmhibUoxYkN3Z1ZNTzhjbXRwZVdVJTIxNWUxJTIxM20yJTIxMXN0ciUyMTJzdXMlMjE0djE3NDY5OTI4MTQ4MzElMjE1bTIlMjExc3RyJTIxMnN1cyUyMiUyMHdpZHRoJTNEJTIyNjAwJTIyJTIwaGVpZ2h0JTNEJTIyNDUwJTIyJTIwc3R5bGUlM0QlMjJib3JkZXIlM0EwJTNCJTIyJTIwYWxsb3dmdWxsc2NyZWVuJTNEJTIyJTIyJTIwbG9hZGluZyUzRCUyMmxhenklMjIlMjByZWZlcnJlcnBvbGljeSUzRCUyMm5vLXJlZmVycmVyLXdoZW4tZG93bmdyYWRlJTIyJTNFJTNDJTJGaWZyYW1lJTNF&#8221; css=&#8221;&#8221; css_params=&#8221;&#8221;][\/vc_column][\/vc_row]<\/p>\n","protected":false},"author":1,"featured_media":0,"parent":0,"menu_order":0,"comment_status":"closed","ping_status":"closed","template":"","meta":{"_acf_changed":false,"footnotes":""},"class_list":["post-2021","page","type-page","status-publish","hentry"],"acf":[],"_links":{"self":[{"href":"https:\/\/gunlukkiralikvilla.com\/en\/wp-json\/wp\/v2\/pages\/2021","targetHints":{"allow":["GET"]}}],"collection":[{"href":"https:\/\/gunlukkiralikvilla.com\/en\/wp-json\/wp\/v2\/pages"}],"about":[{"href":"https:\/\/gunlukkiralikvilla.com\/en\/wp-json\/wp\/v2\/types\/page"}],"author":[{"embeddable":true,"href":"https:\/\/gunlukkiralikvilla.com\/en\/wp-json\/wp\/v2\/users\/1"}],"replies":[{"embeddable":true,"href":"https:\/\/gunlukkiralikvilla.com\/en\/wp-json\/wp\/v2\/comments?post=2021"}],"version-history":[{"count":1,"href":"https:\/\/gunlukkiralikvilla.com\/en\/wp-json\/wp\/v2\/pages\/2021\/revisions"}],"predecessor-version":[{"id":2598,"href":"https:\/\/gunlukkiralikvilla.com\/en\/wp-json\/wp\/v2\/pages\/2021\/revisions\/2598"}],"wp:attachment":[{"href":"https:\/\/gunlukkiralikvilla.com\/en\/wp-json\/wp\/v2\/media?parent=2021"}],"curies":[{"name":"wp","href":"https:\/\/api.w.org\/{rel}","templated":true}]}}